{"id":1707,"date":"2020-02-26T07:21:04","date_gmt":"2020-02-26T06:21:04","guid":{"rendered":"http:\/\/euroconsol.com\/?page_id=1707"},"modified":"2026-04-24T15:22:30","modified_gmt":"2026-04-24T13:22:30","slug":"relacje-inwestorskie","status":"publish","type":"page","link":"https:\/\/euroconsol.com\/en\/relacje-inwestorskie\/","title":{"rendered":"(Polski) Relacje inwestorskie"},"content":{"rendered":"<div id=\"pl-1707\"  class=\"panel-layout\" ><div id=\"pg-1707-0\"  class=\"panel-grid panel-no-style\" ><div id=\"pgc-1707-0-0\"  class=\"panel-grid-cell\" ><div id=\"panel-1707-0-0-0\" class=\"so-panel widget widget_sow-headline panel-first-child panel-last-child\" data-index=\"0\" ><div\n\t\t\t\n\t\t\tclass=\"so-widget-sow-headline so-widget-sow-headline-default-771b70f7f01f-1707\"\n\t\t\t\n\t\t><div class=\"sow-headline-container \">\n\t\t\t\t\t\t\t<h2 class=\"sow-headline\">\n\t\t\t\t\t\tInformacje o Sp\u00f3\u0142ce\t\t\t\t\t\t<\/h2>\n\t\t\t\t\t\t<\/div>\n<\/div><\/div><\/div><\/div><div id=\"pg-1707-1\"  class=\"panel-grid panel-no-style\" ><div id=\"pgc-1707-1-0\"  class=\"panel-grid-cell\" ><div id=\"panel-1707-1-0-0\" class=\"so-panel widget widget_text panel-first-child panel-last-child\" data-index=\"1\" >\t\t\t<div class=\"textwidget\"><p><strong>Euroconsol SA<\/strong><\/p>\n<p>Aleje Jerozolimskie 65\/79<br \/>\n00-697 Warszawa<br \/>\ntel.: +48 22 460 5770<br \/>\nemail: office@euroconsol.com<\/p>\n<\/div>\n\t\t<\/div><\/div><div id=\"pgc-1707-1-1\"  class=\"panel-grid-cell panel-grid-cell-mobile-last\" ><div id=\"panel-1707-1-1-0\" class=\"so-panel widget widget_text panel-first-child panel-last-child\" data-index=\"2\" >\t\t\t<div class=\"textwidget\"><p>&nbsp;<\/p>\n<p>NIP: 5252409725<br \/>\nREGON: 141191189<br \/>\nS\u0105d Rejonowy dla m.st. Warszawy<br \/>\nKapita\u0142 zak\u0142adowy: 1 900 000.- PLN<\/p>\n<\/div>\n\t\t<\/div><\/div><div id=\"pgc-1707-1-2\"  class=\"panel-grid-cell panel-grid-cell-empty\" ><\/div><\/div><div id=\"pg-1707-2\"  class=\"panel-grid panel-no-style\" ><div id=\"pgc-1707-2-0\"  class=\"panel-grid-cell\" ><div id=\"panel-1707-2-0-0\" class=\"so-panel widget widget_sow-headline panel-first-child\" data-index=\"3\" ><div\n\t\t\t\n\t\t\tclass=\"so-widget-sow-headline so-widget-sow-headline-default-809c6ba63723-1707\"\n\t\t\t\n\t\t><div class=\"sow-headline-container \">\n\t\t\t\t\t\t\t<h3 class=\"sow-headline\">\n\t\t\t\t\t\tAkcjonariat\t\t\t\t\t\t<\/h3>\n\t\t\t\t\t\t<\/div>\n<\/div><\/div><div id=\"panel-1707-2-0-1\" class=\"so-panel widget widget_stakeholders-widget panel-last-child\" data-index=\"4\" ><div\n\t\t\t\n\t\t\tclass=\"so-widget-stakeholders-widget so-widget-stakeholders-widget-base\"\n\t\t\t\n\t\t>\t<div class=\"table-responsive\">\n\t\t<table class=\"table table-striped table-bordered\">\n\t\t\t<thead>\n\t\t\t\t<tr>\n\t\t\t\t\t<th>Akcjonariusz<\/th>\n\t\t\t\t\t<th>Liczba akcji<\/th>\n\t\t\t\t\t<th>Liczba g\u0142os\u00f3w na WZ<\/th>\n\t\t\t\t\t<th>Udzia\u0142 w kapitale zak\u0142adowym (%)<\/th>\n\t\t\t\t\t<th>Udzia\u0142 w og\u00f3lnej liczbie g\u0142os\u00f3w (%)<\/th>\n\t\t\t\t<\/tr>\n\t\t\t<\/thead>\n\t\t\t<tbody>\n\t\t\t\t\t\t\t<\/tbody>\n\t\t<\/table>\n\n\t<\/div>\n<\/div><\/div><\/div><\/div><div id=\"pg-1707-3\"  class=\"panel-grid panel-no-style\" ><div id=\"pgc-1707-3-0\"  class=\"panel-grid-cell\" ><div id=\"panel-1707-3-0-0\" class=\"so-panel widget widget_sow-headline panel-first-child panel-last-child\" data-index=\"5\" ><div\n\t\t\t\n\t\t\tclass=\"so-widget-sow-headline so-widget-sow-headline-default-771b70f7f01f-1707\"\n\t\t\t\n\t\t><div class=\"sow-headline-container \">\n\t\t\t\t\t\t\t<h2 class=\"sow-headline\">\n\t\t\t\t\t\tDla inwestor\u00f3w\t\t\t\t\t\t<\/h2>\n\t\t\t\t\t\t<\/div>\n<\/div><\/div><\/div><\/div><div id=\"pg-1707-4\"  class=\"panel-grid panel-no-style\" ><div id=\"pgc-1707-4-0\"  class=\"panel-grid-cell\" ><div id=\"panel-1707-4-0-0\" class=\"so-panel widget widget_sow-headline panel-first-child\" data-index=\"6\" ><div\n\t\t\t\n\t\t\tclass=\"so-widget-sow-headline so-widget-sow-headline-default-809c6ba63723-1707\"\n\t\t\t\n\t\t><div class=\"sow-headline-container \">\n\t\t\t\t\t\t\t<h3 class=\"sow-headline\">\n\t\t\t\t\t\tNadchodz\u0105ce wydarzenia\t\t\t\t\t\t<\/h3>\n\t\t\t\t\t\t<\/div>\n<\/div><\/div><div id=\"panel-1707-4-0-1\" class=\"so-panel widget widget_event-widget panel-last-child\" data-index=\"7\" ><div\n\t\t\t\n\t\t\tclass=\"so-widget-event-widget so-widget-event-widget-base\"\n\t\t\t\n\t\t>\t<div class=\"\">\n\t\t\t\t\t<div class=\"row\" style=\"margin-bottom: 32px;\">\n\t\t\t\t<div class=\"col-xs-3\">\n\t\t\t\t\t<div class=\"text-center\">\n\t\t\t\t\t<span class=\"glyphicon glyphicon-calendar\" aria-hidden=\"true\" style=\"font-size: 32px; color: #337ab7\"><\/span>\n\t\t\t\t\t<\/div>\n\t\t\t\t\t<h4 class=\"text-center\">2026-04-24<\/h4>\n\t\t\t\t<\/div>\n\t\t\t\t<div class=\"col-xs-9\">\n\t\t\t\t\t\n\t\t\t\t\t  <h4 style=\"color: #F29A14;\">(Polski) Nadzwyczajne Walne Zgromadzenie akcjonariuszy<\/h4>\n\t\t\t\t\t  <p><p class=\"qtranxs-available-languages-message qtranxs-available-languages-message-en\">Sorry, this entry is only available in <a href=\"https:\/\/euroconsol.com\/pl\/wp-json\/wp\/v2\/pages\/1707\" class=\"qtranxs-available-language-link qtranxs-available-language-link-pl\" title=\"Polski\">Polish<\/a>.<\/p><\/p>\t\n\t\t\t\t\t  <a href=\"https:\/\/euroconsol.com\/wp-content\/uploads\/NWZA.pdf\">Pobierz plik<\/a>\t\t\t\t<\/div>\n\n\t\t\t<\/div>\n\t\t\t\t\t\t<div class=\"row\" style=\"margin-bottom: 32px;\">\n\t\t\t\t<div class=\"col-xs-3\">\n\t\t\t\t\t<div class=\"text-center\">\n\t\t\t\t\t<span class=\"glyphicon glyphicon-calendar\" aria-hidden=\"true\" style=\"font-size: 32px; color: #337ab7\"><\/span>\n\t\t\t\t\t<\/div>\n\t\t\t\t\t<h4 class=\"text-center\">2025-06-10<\/h4>\n\t\t\t\t<\/div>\n\t\t\t\t<div class=\"col-xs-9\">\n\t\t\t\t\t\n\t\t\t\t\t  <h4 style=\"color: #F29A14;\">(Polski) Zwyczajne Walne Zgromadzenie Akcjonariuszy<\/h4>\n\t\t\t\t\t  <p><\/p>\t\n\t\t\t\t\t  <a href=\"https:\/\/euroconsol.com\/wp-content\/uploads\/zawiadomienie.pdf\">Pobierz plik<\/a>\t\t\t\t<\/div>\n\n\t\t\t<\/div>\n\t\t\t\t\t\t<div class=\"row\" style=\"margin-bottom: 32px;\">\n\t\t\t\t<div class=\"col-xs-3\">\n\t\t\t\t\t<div class=\"text-center\">\n\t\t\t\t\t<span class=\"glyphicon glyphicon-calendar\" aria-hidden=\"true\" style=\"font-size: 32px; color: #337ab7\"><\/span>\n\t\t\t\t\t<\/div>\n\t\t\t\t\t<h4 class=\"text-center\">2022-05-20<\/h4>\n\t\t\t\t<\/div>\n\t\t\t\t<div class=\"col-xs-9\">\n\t\t\t\t\t\n\t\t\t\t\t  <h4 style=\"color: #F29A14;\">(Polski) Zwyczajne Walne Zgromadzenie<\/h4>\n\t\t\t\t\t  <p><\/p>\t\n\t\t\t\t\t  <a href=\"https:\/\/euroconsol.com\/wp-content\/uploads\/Euroconsol-informacja-o-ZWZ-za-2021-na-www.docx\">Pobierz plik<\/a>\t\t\t\t<\/div>\n\n\t\t\t<\/div>\n\t\t\t\t\t\t<div class=\"row\" style=\"margin-bottom: 32px;\">\n\t\t\t\t<div class=\"col-xs-3\">\n\t\t\t\t\t<div class=\"text-center\">\n\t\t\t\t\t<span class=\"glyphicon glyphicon-calendar\" aria-hidden=\"true\" style=\"font-size: 32px; color: #337ab7\"><\/span>\n\t\t\t\t\t<\/div>\n\t\t\t\t\t<h4 class=\"text-center\">2021-06-21<\/h4>\n\t\t\t\t<\/div>\n\t\t\t\t<div class=\"col-xs-9\">\n\t\t\t\t\t\n\t\t\t\t\t  <h4 style=\"color: #F29A14;\">(Polski) Zwyczajne Walne Zgromadzenie<\/h4>\n\t\t\t\t\t  <p><\/p>\t\n\t\t\t\t\t  <a href=\"https:\/\/euroconsol.com\/wp-content\/uploads\/Euroconsol-S.A.-og\u0142oszenie-o-zwo\u0142aniu-ZWZA.pdf\">Pobierz plik<\/a>\t\t\t\t<\/div>\n\n\t\t\t<\/div>\n\t\t\t\t\t\t<div class=\"row\" style=\"margin-bottom: 32px;\">\n\t\t\t\t<div class=\"col-xs-3\">\n\t\t\t\t\t<div class=\"text-center\">\n\t\t\t\t\t<span class=\"glyphicon glyphicon-calendar\" aria-hidden=\"true\" style=\"font-size: 32px; color: #337ab7\"><\/span>\n\t\t\t\t\t<\/div>\n\t\t\t\t\t<h4 class=\"text-center\">2020-09-25<\/h4>\n\t\t\t\t<\/div>\n\t\t\t\t<div class=\"col-xs-9\">\n\t\t\t\t\t\n\t\t\t\t\t  <h4 style=\"color: #F29A14;\">(Polski) Pi\u0105te wezwanie do z\u0142o\u017cenia akcji<\/h4>\n\t\t\t\t\t  <p><\/p>\t\n\t\t\t\t\t  <a href=\"https:\/\/euroconsol.com\/wp-content\/uploads\/5.-EUROCONSOL-S.A._WEZWANIE-DO-Z\u0141O\u017bENIA-AKCJI-5.pdf\">Pobierz plik<\/a>\t\t\t\t<\/div>\n\n\t\t\t<\/div>\n\t\t\t\t\t<!--div class=\"row\">\n\t\t\t<div class=\"col-xs-2\">&nbsp;<\/div>\n\t\t\t<div class=\"col-xs-10 text-left\">\n\t\t\t<a href=https:\/\/euroconsol.com\/en\/?post_type=wydarzenia>Archiwum wydarze\u0144 >>><\/a>\n\t\t\t<\/div>\n\t\t<\/div-->\n\t\t\n\t\t<\/div>\n<\/div><\/div><\/div><div id=\"pgc-1707-4-1\"  class=\"panel-grid-cell\" ><div id=\"panel-1707-4-1-0\" class=\"so-panel widget widget_sow-headline panel-first-child\" data-index=\"8\" ><div\n\t\t\t\n\t\t\tclass=\"so-widget-sow-headline so-widget-sow-headline-default-809c6ba63723-1707\"\n\t\t\t\n\t\t><div class=\"sow-headline-container \">\n\t\t\t\t\t\t\t<h3 class=\"sow-headline\">\n\t\t\t\t\t\tRaporty i sprawozdania\t\t\t\t\t\t<\/h3>\n\t\t\t\t\t\t<\/div>\n<\/div><\/div><div id=\"panel-1707-4-1-1\" class=\"so-panel widget widget_reports-widget panel-last-child\" data-index=\"9\" ><div\n\t\t\t\n\t\t\tclass=\"so-widget-reports-widget so-widget-reports-widget-base\"\n\t\t\t\n\t\t>\t<div class=\"\">\n\t\t\t\t\t<div class=\"row\">\n\t\t\t\t<p>Brak raport\u00f3w<\/p>\n\t\t\t<\/div>\n\t\t\t\t<!--div class=\"row\">\n\t\t\t<div class=\"col-xs-2\">&nbsp;<\/div>\n\t\t\t<div class=\"col-xs-10 text-left\">\n\t\t\t\t<a href=https:\/\/euroconsol.com\/en\/?post_type=raporty>Wszystkie raporty >>><\/a>\n\t\t\t<\/div>\n\t\t<\/div-->\n\t<\/div>\n<\/div><\/div><\/div><\/div><div id=\"pg-1707-5\"  class=\"panel-grid panel-no-style\" ><div id=\"pgc-1707-5-0\"  class=\"panel-grid-cell panel-grid-cell-empty\" ><\/div><\/div><\/div>","protected":false},"excerpt":{"rendered":"<p>Euroconsol SA Aleje Jerozolimskie 65\/79 00-697 Warszawa tel.: +48 22 460 5770 email: office@euroconsol.com &nbsp; NIP: 5252409725 REGON: 141191189 S\u0105d Rejonowy dla m.st. Warszawy Kapita\u0142 zak\u0142adowy: 1 900 000.- PLN<\/p>\n","protected":false},"author":1,"featured_media":0,"parent":0,"menu_order":0,"comment_status":"closed","ping_status":"closed","template":"","meta":{"om_disable_all_campaigns":false,"_monsterinsights_skip_tracking":false,"_monsterinsights_sitenote_active":false,"_monsterinsights_sitenote_note":"","_monsterinsights_sitenote_category":0,"_uf_show_specific_survey":0,"_uf_disable_surveys":false},"aioseo_notices":[],"_links":{"self":[{"href":"https:\/\/euroconsol.com\/en\/wp-json\/wp\/v2\/pages\/1707"}],"collection":[{"href":"https:\/\/euroconsol.com\/en\/wp-json\/wp\/v2\/pages"}],"about":[{"href":"https:\/\/euroconsol.com\/en\/wp-json\/wp\/v2\/types\/page"}],"author":[{"embeddable":true,"href":"https:\/\/euroconsol.com\/en\/wp-json\/wp\/v2\/users\/1"}],"replies":[{"embeddable":true,"href":"https:\/\/euroconsol.com\/en\/wp-json\/wp\/v2\/comments?post=1707"}],"version-history":[{"count":18,"href":"https:\/\/euroconsol.com\/en\/wp-json\/wp\/v2\/pages\/1707\/revisions"}],"predecessor-version":[{"id":1902,"href":"https:\/\/euroconsol.com\/en\/wp-json\/wp\/v2\/pages\/1707\/revisions\/1902"}],"wp:attachment":[{"href":"https:\/\/euroconsol.com\/en\/wp-json\/wp\/v2\/media?parent=1707"}],"curies":[{"name":"wp","href":"https:\/\/api.w.org\/{rel}","templated":true}]}}