{"id":1668,"date":"2018-06-29T21:14:29","date_gmt":"2018-06-29T19:14:29","guid":{"rendered":"http:\/\/euroconsol.com\/?page_id=1668"},"modified":"2018-06-29T23:11:44","modified_gmt":"2018-06-29T21:11:44","slug":"polityka-prywatnosci","status":"publish","type":"page","link":"https:\/\/euroconsol.com\/en\/polityka-prywatnosci\/","title":{"rendered":"Privacy policy"},"content":{"rendered":"<p><\/p>\n<h2 style=\"text-align: center; margin-top: 120px;\">PRIVACY POLICY<\/h2>\n<p>&nbsp;<\/p>\n<p>&nbsp;<\/p>\n<p>Ta polityka prywatno\u015bci zawiera wymagane przez prawo informacje dotycz\u0105ce przetwarzania danych osobowych przez Euroconsol oraz ewentualnie inne podmioty, kt\u00f3re mog\u0105 przetwarza\u0107 dane osobowe zbierane w ramach powierzchni serwisu.<\/p>\n<p>&nbsp;<\/p>\n<h3 style=\"text-align: center;\">I.<\/h3>\n<p>&nbsp;<\/p>\n<p><strong>[Informacje wst\u0119pne i u\u017cywane przez nas poj\u0119cia]<\/strong> Aby Polityka Prywatno\u015bci by\u0142a czytelna, w tych miejscach gdzie tylko by\u0142o to mo\u017cliwe, odeszli\u015bmy od stosowania formalnego, prawniczego s\u0142ownictwa. Dlatego te\u017c, gdy piszemy \u201eTy\u201d, \u201eCi\u201d czy \u201eTobie\u201d mamy na my\u015bli u\u017cytkownika us\u0142ugi. Poni\u017cej znajduje si\u0119 kr\u00f3tka lista definicji, kt\u00f3ra mo\u017ce pom\u00f3c w lepszym zrozumieniu polityki prywatno\u015bci:<br \/>\n(a) Euroconsol &#8211; Euroconsol S.A. z siedzib\u0105 w Warszawie (03-879), ul. Przec\u0142awska 8 wpisana do rejestru przedsi\u0119biorc\u00f3w Krajowego Rejestru S\u0105dowego pod numerem KRS: 0000701166, NIP: 5252409725, czyli us\u0142ugodawca \u015bwiadcz\u0105cy us\u0142ug\u0119 za po\u015brednictwem serwisu;<br \/>\n(b) Zaufani Partnerzy to strony trzecie, wsp\u00f3\u0142pracuj\u0105ce z Euroconsol, kt\u00f3re przetwarzaj\u0105 lub potencjalnie mog\u0105 przetwarza\u0107 Twoje dane osobowe zbierane w ramach us\u0142ugi jako administratorzy w rozumieniu RODO;<br \/>\n(c) RODO to Rozporz\u0105dzenie Parlamentu Europejskiego i Rady (UE) 2016\/679 z dnia 27 kwietnia 2016 r. w sprawie ochrony os\u00f3b fizycznych w zwi\u0105zku z przetwarzaniem danych osobowych i w sprawie swobodnego przep\u0142ywu takich danych oraz uchylenia dyrektywy 95\/46\/WE (og\u00f3lne rozporz\u0105dzenie o ochronie danych);<br \/>\n(d) us\u0142uga to wszystkie us\u0142ugi online Euroconsol udost\u0119pniane w danej chwili w serwisie;<br \/>\n(e) serwis to strona internetowa <a href=\"http:\/\/www.euroconsol.com\" target=\"_blank\" rel=\"noopener noreferrer\">www.euroconsol.com<\/a> oraz \u015bwiadczona za jej po\u015brednictwem us\u0142uga;<br \/>\n(f) dane osobowe lub dane to wszelkie uzyskane od Ciebie w ramach us\u0142ugi i serwisu informacje, kt\u00f3re mog\u0105 pozwoli\u0107 nam Ci\u0119 zidentyfikowanie, szersz\u0105 definicj\u0119 znajdziesz art. 4 pkt 1 RODO;<br \/>\n(g) przetwarzanie danych to operacja lub zestaw operacji jakie wykonujemy na danych osobowych \u2013 s\u0105 to m.in. takie czynno\u015bci zbieranie, przechowywanie, porz\u0105dkowanie wykorzystywanie tych danych;<\/p>\n<p>&nbsp;<\/p>\n<h3 style=\"text-align: center;\">II.<\/h3>\n<p>&nbsp;<\/p>\n<p><strong>[Administrator Danych]<\/strong> Tak jak wspominali\u015bmy wy\u017cej, administratorem Twoich danych jest Euroconsol oraz Zaufani Partnerzy.<\/p>\n<p>&nbsp;<\/p>\n<h3 style=\"text-align: center;\">III.<\/h3>\n<p>&nbsp;<\/p>\n<p><strong>[Kontakt w sprawach zwi\u0105zanych z danymi]<\/strong> W przypadku gdyby\u015b mia\u0142 w\u0105tpliwo\u015bci dotycz\u0105ce przetwarzania przez nas Twoich danych osobowych mo\u017cesz si\u0119 z nami skontaktowa\u0107 przez wys\u0142anie wiadomo\u015bci e-mail na adres <a href=\"mailto:rodo@euroconsol.com\" target=\"_blank\" rel=\"noopener noreferrer\">rodo@euroconsol.com<\/a>.<\/p>\n<p>&nbsp;<\/p>\n<h3 style=\"text-align: center;\">IV.<\/h3>\n<p>&nbsp;<\/p>\n<p><strong>[Jakie dane przetwarzamy?]<\/strong> Przetwarzamy dane, kt\u00f3re podajesz w ramach dost\u0119pnych na stronie formularzy lub pozostawiasz w ramach korzystania z Us\u0142ug. S\u0105 to przede wszystkim dane niezb\u0119dne do udost\u0119pnienia Ci konta w serwisie oraz umo\u017cliwienia Ci z korzystania z us\u0142ug za po\u015brednictwem serwisu, jak r\u00f3wnie\u017c dane, kt\u00f3re pozostawiasz w ramach poruszania si\u0119 po naszym serwisie, czyli m.in. te kt\u00f3re znajduj\u0105 si\u0119 w tzw. plikach cookies (o kt\u00f3rych przeczytasz poni\u017cej). W przypadku gdy masz w\u0105tpliwo\u015bci jakie Twoje dane osobowe s\u0105 przez nas przetwarzane \u2013 zawsze mo\u017cesz o to zapyta\u0107 kieruj\u0105c do nas wiadomo\u015b\u0107 na adres wskazany wy\u017cej.<\/p>\n<p>&nbsp;<\/p>\n<h3 style=\"text-align: center;\">V.<\/h3>\n<p>&nbsp;<\/p>\n<p><strong>[Jakie s\u0105 cele oraz podstawy przetwarzania Twoich danych oraz przez jaki okres b\u0119d\u0105 przetwarzane?]<\/strong> Poni\u017cej w formie prostej tabeli przedstawiamy w jakim celu, na jakiej podstawie oraz przez jaki okres przetwarzamy lub b\u0119dziemy przetwarza\u0107 Twoje dane osobowe.<\/p>\n<p>&nbsp;<\/p>\n<p>&nbsp;<\/p>\n<table class=\"table\">\n<thead>\n<tr>\n<th>Cel przetwarzania<\/th>\n<th>Podstawa prawna<\/th>\n<th>Okres przechowywania<\/th>\n<\/tr>\n<\/thead>\n<tbody>\n<tr>\n<td>Rejestracja w Serwisie<\/td>\n<td>art. 6 ust. 1 lit. b RODO (przetwarzanie w celu wykonania umowy)<\/td>\n<td>Do momentu wyga\u015bni\u0119cia umowy pomi\u0119dzy Euroconsol a u\u017cytkownikiem \u2013 do momentu zlikwidowania konta przez u\u017cytkownika<\/td>\n<\/tr>\n<tr>\n<td>\u015awiadczenie us\u0142ug w serwisie<\/td>\n<td>Art. 6 ust. 1 lit. b RODO (przetwarzanie w celu wykonania umowy)<\/td>\n<td>Do momentu przedawnienia roszcze\u0144 zwi\u0105zanych z wykonaniem us\u0142ugi<\/td>\n<\/tr>\n<tr>\n<td>Prawid\u0142owe funkcjonowanie serwisu, zapewnienie dost\u0119pu do serwisu, uniemo\u017cliwienie atak\u00f3w hakerskich<\/td>\n<td>art. 6 ust. 1 lit. b RODO (przetwarzanie w celu wykonania umowy)<\/td>\n<td>Do momentu przedawnienia roszcze\u0144 zwi\u0105zanych z wykonaniem us\u0142ugi<\/td>\n<\/tr>\n<tr>\n<td>Pomiary statystyczne<\/td>\n<td>art. 6 ust. 1 lit. f RODO (uzasadniony interes)<\/td>\n<td>Do czasu zg\u0142oszenia skutecznego sprzeciwu<\/td>\n<\/tr>\n<tr>\n<td>Marketing w\u0142asny Euroconsol<\/td>\n<td>art. 6 ust. 1 lit. f RODO (uzasadniony interes)<\/td>\n<td>Do czasu zg\u0142oszenia skutecznego sprzeciwu<\/td>\n<\/tr>\n<\/tbody>\n<\/table>\n<p>&nbsp;<\/p>\n<h3 style=\"text-align: center;\">VI.<\/h3>\n<p>&nbsp;<\/p>\n<p><strong>[Czy musisz podawa\u0107 swoje dane?]<\/strong> Podanie danych osobowych jest dobrowolne. Jednak\u017ce musisz pami\u0119ta\u0107, \u017ce niepodanie danych oznaczonych w ramach us\u0142ugi jako niezb\u0119dne do \u015bwiadczenia us\u0142ug na Twoj\u0105 rzecz uniemo\u017cliwi ich \u015bwiadczenie, przyk\u0142adowo w przypadku niepodania niekt\u00f3rych danych nie b\u0119dziesz m\u00f3g\u0142 dokona\u0107 rejestracji. R\u00f3wnie\u017c w przypadku gdy podasz nieprawdziwe lub nieprawid\u0142owe dane osobowe nie b\u0119dziemy mogli zrealizowa\u0107 jakichkolwiek us\u0142ug na Twoj\u0105 rzecz.<\/p>\n<p>&nbsp;<\/p>\n<h3 style=\"text-align: center;\">VII.<\/h3>\n<p>&nbsp;<\/p>\n<p><strong>[Komu mo\u017cemy przekaza\u0107 Twoje dane?]<\/strong> Mo\u017ce si\u0119 zdarzy\u0107, \u017ce b\u0119dziemy przekazywa\u0107 Twoje dane do innych podmiot\u00f3w. Zawsze s\u0105 to nasze zaufane podmioty przetwarzaj\u0105ce, kt\u00f3rym powierzyli\u015bmy dokonanie pewnych czynno\u015bci, tak aby najlepiej jak to mo\u017cliwe zrealizowa\u0107 \u015bwiadczone Ci us\u0142ugi albo podmioty z pomoc\u0105 kt\u00f3rych Euroconsol \u015bwiadczy na Twoj\u0105 rzecz us\u0142ugi. Istnieje r\u00f3wnie\u017c mo\u017cliwo\u015b\u0107, \u017ce przeka\u017cemy Twoje dane osobowe w\u0142adzom pa\u0144stwowym \u2013 zrobimy to tylko w\u00f3wczas, gdy b\u0119dzie ci\u0105\u017cy\u0142 na nas prawny obowi\u0105zek wynikaj\u0105cy z art. 6 ust. 1 lit. c RODO. Je\u015bli b\u0119dziemy przekazywa\u0107 Twoje dane osobowe do Pa\u0144stw trzecich (czyli Pa\u0144stwa spoza Europejskiego Obszaru Gospodarczego), nast\u0105pi to z zachowaniem wszelkich wymaga\u0144 wynikaj\u0105cych z przepis\u00f3w obowi\u0105zuj\u0105cego prawa. W przypadku gdyby przekazanie Twoich danych do Pa\u0144stwa trzeciego nast\u0119powa\u0142o na innej podstawie ni\u017c Twoja zgoda lub konieczno\u015b\u0107 prawid\u0142owego wykonania umowy lub gdy nie wyst\u0105pi jeden z wyj\u0105tk\u00f3w wskazanych w art. 49 RODO Twoje dane b\u0119d\u0105 przekazywane zgodnie z tre\u015bci\u0105 art. 45 lub 46 RODO. Art. 45 RODO dotyczy decyzji Komisji Europejskiej, kt\u00f3ra mo\u017ce uzna\u0107, \u017ce w danym pa\u0144stwie trzecim przestrzegany jest odpowiedni stopie\u0144 ochrony danych osobowych. W\u00f3wczas na przekazanie danych osobowych do tego pa\u0144stwa nie wymaga specjalnego zezwolenia. Z kolei art. 46 RODO wskazuje, \u017ce przekazanie danych do pa\u0144stwa trzeciego mo\u017ce nast\u0105pi\u0107 w\u00f3wczas gdy zapewnione s\u0105 odpowiednie zabezpieczenia oraz pod warunkiem, \u017ce w systemie prawa pa\u0144stwa trzeciego obowi\u0105zuj\u0105 egzekwowalne prawa os\u00f3b, kt\u00f3rych dane dotycz\u0105, jak r\u00f3wnie\u017c skuteczne \u015brodki ochrony prawnej.<\/p>\n<p>&nbsp;<\/p>\n<h3 style=\"text-align: center;\">VIII.<\/h3>\n<p>&nbsp;<\/p>\n<p><strong>[Jakie s\u0105 Twoje prawa zwi\u0105zane z przetwarzaniem danych osobowych?]<\/strong> RODO przyznaje Ci szereg praw zwi\u0105zanych z przetwarzaniem przez Twoich danych osobowych. S\u0105 to: (a) prawo dost\u0119pu do Twoich danych, w tym do uzyskania kopii danych; (b) prawo \u017c\u0105dania sprostowania danych; (c) prawo do usuni\u0119cia danych (w przypadkach przewidzianych w RODO); (d) prawo ograniczenia przetwarzania Twoich danych osobowych; (d) prawo do wycofania zgody \u2013 w zakresie w jakim Twoje dane s\u0105 przetwarzane na podstawie tej zgody. Pami\u0119taj, \u017ce wycofanie zgody nie ma wp\u0142ywu na zgodno\u015b\u0107 z prawem przetwarzania, kt\u00f3rego dokonano na podstawie zgody przed jej wycofaniem; (e) prawo do przenoszenia danych osobowych, tj. do otrzymania od administratora Twoich danych osobowych, w ustrukturyzowanym, powszechnie u\u017cywanym formacie nadaj\u0105cym si\u0119 do odczytu maszynowego. Mo\u017cesz przes\u0142a\u0107 te dane innemu administratorowi danych \u2013 w przypadku gdy Twoje dane s\u0105 przetwarzane na podstawie Twojej zgody lub w celu \u015bwiadczenia us\u0142ug przez Euroconsol; (f) prawo wniesienia skargi do organu nadzorczego \u2013 Prezesa Urz\u0119du Ochrony Danych Osobowych; Aby skorzysta\u0107 ze swoich praw skontaktuj si\u0119 z nami pod adresem e-mail: <a href=\"mailto:rodo@euroconsol.com\" target=\"_blank\" rel=\"noopener noreferrer\">rodo@euroconsol.com<\/a>.<\/p>\n<p>&nbsp;<\/p>\n<h3 style=\"text-align: center;\">IX.<\/h3>\n<p>&nbsp;<\/p>\n<p><strong>[\u201eCookies\u201d \/ Informacje og\u00f3lne]<\/strong> Podmiotem zamieszczaj\u0105cym informacje w formie plik\u00f3w cookies (tzw. ciasteczek) i innych podobnych technologii w Twoim urz\u0105dzeniu oraz uzyskuj\u0105cym do nich dost\u0119p jest Euroconsol oraz podmioty, kt\u00f3rym przekazujemy Twoje dane, czyli przyk\u0142adowo podmioty \u015bwiadcz\u0105ce na nasz\u0105 rzecz us\u0142ugi techniczne, w tym analityczne oraz marketingowe, e-sprzedawcy, z kt\u00f3rymi wsp\u00f3\u0142pracujemy, reklamodawcy. Cookies stanowi\u0105 dane informatyczne, w szczeg\u00f3lno\u015bci pliki tekstowe, kt\u00f3re przechowywane s\u0105 w urz\u0105dzeniu ko\u0144cowym U\u017cytkownika serwis\u00f3w i aplikacji WPM. Cookies zazwyczaj zawieraj\u0105 nazw\u0119 domeny serwisu internetowego, z kt\u00f3rego pochodz\u0105, czas przechowywania ich na urz\u0105dzeniu ko\u0144cowym oraz unikalny numer. Pliki cookies nie s\u0142u\u017c\u0105 identyfikacji u\u017cytkownika i na ich podstawie nie jest ustalana to\u017csamo\u015b\u0107 u\u017cytkownika. Strona internetowa mo\u017ce umie\u015bci\u0107 plik cookie w przegl\u0105darce, je\u015bli przegl\u0105darka to umo\u017cliwia. Co wa\u017cne, przegl\u0105darka zezwala stronie internetowej na dost\u0119p jedynie do plik\u00f3w cookies umieszczonych przez t\u0119 stron\u0119, a nie do plik\u00f3w umieszczonych przez inne strony internetowe.<\/p>\n<p><strong>[Rodzaje cookies]<\/strong> Z uwagi na czas \u017cycia cookies i innych podobnych technologii, stosujemy dwa zasadnicze rodzaje tych plik\u00f3w: (a) sesyjne &#8211; pliki tymczasowe przechowywane w urz\u0105dzeniu ko\u0144cowym U\u017cytkownika do czasu wylogowania, opuszczenia strony internetowej i aplikacji lub wy\u0142\u0105czenia oprogramowania (przegl\u0105darki internetowej); (b) sta\u0142e &#8211; przechowywane w urz\u0105dzeniu ko\u0144cowym U\u017cytkownika przez czas okre\u015blony w parametrach plik\u00f3w cookies lub do czasu ich usuni\u0119cia przez U\u017cytkownika. Ze wzgl\u0119du na cel, jakiemu s\u0142u\u017c\u0105 pliki cookies i inne podobne technologie, stosujemy ich nast\u0119puj\u0105ce rodzaje: (a) niezb\u0119dne do dzia\u0142ania us\u0142ugi i aplikacji &#8211; umo\u017cliwiaj\u0105ce korzystanie z naszych us\u0142ug, np. uwierzytelniaj\u0105ce pliki cookies wykorzystywane do us\u0142ug wymagaj\u0105cych uwierzytelniania; (b) s\u0142u\u017c\u0105ce do zapewnienia bezpiecze\u0144stwa, np. wykorzystywane do wykrywania nadu\u017cy\u0107 w zakresie uwierzytelniania (c) wydajno\u015bciowe &#8211; umo\u017cliwiaj\u0105ce zbieranie informacji o sposobie korzystania ze stron internetowych i aplikacji; (d) funkcjonalne &#8211; umo\u017cliwiaj\u0105ce &#8220;zapami\u0119tanie&#8221; wybranych przez U\u017cytkownika ustawie\u0144 i personalizacj\u0119 interfejsu, np. w zakresie wybranego j\u0119zyka lub regionu, z kt\u00f3rego pochodzisz; (e) reklamowe &#8211; umo\u017cliwiaj\u0105ce dostarczanie tre\u015bci reklamowych bardziej dostosowanych do Twoich zainteresowa\u0144; (f) statystyczne &#8211; s\u0142u\u017c\u0105ce do zliczana statystyk dotycz\u0105cych stron internetowych i aplikacji.<\/p>\n<p><strong>[Dlaczego korzystamy z cookies?]<\/strong> Korzystamy z plik\u00f3w cookies i innych podobnych technologii w celach: (a) \u015bwiadczenia us\u0142ug; (b) dostosowywania zawarto\u015bci serwis\u00f3w i aplikacji do preferencji U\u017cytkownika oraz optymalizacji korzystania ze stron internetowych; np. pliki cookies pozwalaj\u0105 w szczeg\u00f3lno\u015bci rozpozna\u0107 urz\u0105dzenie U\u017cytkownika i odpowiednio wy\u015bwietli\u0107 stron\u0119 internetow\u0105 dostosowan\u0105 do jego indywidualnych potrzeb; (c) tworzenia statystyk, kt\u00f3re pomagaj\u0105 zrozumie\u0107, w jaki spos\u00f3b U\u017cytkownicy korzystaj\u0105 ze serwis\u00f3w i aplikacji, co umo\u017cliwia ulepszanie ich struktury i zawarto\u015bci; (d) utrzymania sesji U\u017cytkownika (po zalogowaniu), dzi\u0119ki czemu U\u017cytkownik nie musi na ka\u017cdej podstronie internetowej danego serwisu i aplikacji ponownie wpisywa\u0107 loginu i has\u0142a; (e) prezentacji reklam, m.in. w spos\u00f3b uwzgl\u0119dniaj\u0105cy zainteresowania U\u017cytkownika czy jego miejsce zamieszkania (indywidualizowanie przekazu reklamowego) i z gwarancj\u0105 wy\u0142\u0105czenia mo\u017cliwo\u015bci wielokrotnego prezentowania U\u017cytkownikowi tej samej reklamy.<\/p>\n<p><strong>[Zarz\u0105dzenie ustawieniami przegl\u0105darki]<\/strong> W wielu przypadkach oprogramowanie s\u0142u\u017c\u0105ce do przegl\u0105dania stron internetowych (przegl\u0105darka internetowa) domy\u015blnie dopuszcza przechowywanie informacji w formie plik\u00f3w cookies i innych podobnych technologii w urz\u0105dzeniu ko\u0144cowym U\u017cytkownika. Mo\u017cesz jednak w ka\u017cdym czasie dokona\u0107 zmiany tych ustawie\u0144. Niedokonanie zmian oznacza, \u017ce w\/w informacje mog\u0105 by\u0107 zamieszczane i przechowywane w jego urz\u0105dzeniu ko\u0144cowym, a tym samym \u017ce b\u0119dziemy przechowywa\u0107 informacje w urz\u0105dzeniu ko\u0144cowym u\u017cytkownika i uzyskiwa\u0107 dost\u0119p do tych informacji. Z poziomu przegl\u0105darki internetowej, z kt\u00f3rej korzystasz mo\u017cliwe jest np. samodzielne zarz\u0105dzanie plikami cookies. W najpopularniejszych przegl\u0105darkach istnieje m.in. mo\u017cliwo\u015b\u0107: zaakceptowania obs\u0142ugi cookies, co umo\u017cliwia Ci pe\u0142ne korzystanie z opcji oferowanych przez witryny internetowe; zarz\u0105dzania plikami cookies na poziomie pojedynczych, wybranych przez Ciebie witryn; okre\u015blania ustawie\u0144 dla r\u00f3\u017cnych typ\u00f3w plik\u00f3w cookie, na przyk\u0142ad akceptowania plik\u00f3w sta\u0142ych jako sesyjnych itp.; blokowania lub usuwania cookies. Kompleksowe informacje na ten temat dost\u0119pne s\u0105 w ustawieniach oprogramowania (przegl\u0105darki internetowej). Szczeg\u00f3\u0142y dla os\u00f3b korzystaj\u0105cych z poszczeg\u00f3lnych przegl\u0105darek internetowych, m.in.: Internet Explorer, Mozilla Firefox, Chrome i innych. Informujemy, \u017ce ograniczenia b\u0105d\u017a wy\u0142\u0105czenia stosowania plik\u00f3w cookies i innych podobnych technologii mog\u0105 wp\u0142yn\u0105\u0107 na niekt\u00f3re funkcjonalno\u015bci dost\u0119pne w naszym serwisie.<\/p>\n<p>&nbsp;<\/p>\n<h3 style=\"text-align: center;\">X.<\/h3>\n<p>&nbsp;<\/p>\n<p><strong>[Pomocne informacje]<\/strong> Pami\u0119taj, \u017ce: (a) gdy korzystasz z jednego komputera wsp\u00f3lnie z innymi u\u017cytkownikami, po zako\u0144czeniu korzystania z serwisu wyloguj si\u0119, aby nikt nie zdoby\u0142 Twoich danych lub nie dokona\u0142 transakcji za po\u015brednictwem Twojego konta; (b) dane, kt\u00f3re poda\u0142e\u015b przy rejestracji s\u0105 wa\u017cne poniewa\u017c ich ujawnienie mo\u017ce spowodowa\u0107 utrat\u0119 kontroli nad kontem w serwisie, zachowaj prosz\u0119 szczeg\u00f3ln\u0105 ostro\u017cno\u015b\u0107 w udost\u0119pnianiu ich osobom trzecim; (c) czasami inne osoby korzystaj\u0105ce z sieci chc\u0105 &#8220;wyci\u0105gn\u0105\u0107&#8221; od Ciebie informacje na Tw\u00f3j temat i u\u017cy\u0107 ich przeciwko Tobie b\u0105d\u017a innym osobom. Mog\u0105 to czyni\u0107 np. z ch\u0119ci zysku lub, w ich mniemaniu, dla dobrej zabawy. Zachowaj ostro\u017cno\u015b\u0107. Upewnij si\u0119, kim jest osoba, kt\u00f3ra pyta Ci\u0119 o dane osobowe, jak\u0105 reprezentuje instytucj\u0119 itp. Pami\u0119taj, \u017ce to w\u0142a\u015bnie Ciebie chroni\u0105 stosowne regulacje prawne, w tym dotycz\u0105ce ochrony danych osobowych; (d) wszystkie Twoje prawa opisane w powy\u017cszym dokumencie wynikaj\u0105 wprost z RODO \/Pe\u0142ny tekst mo\u017cesz znale\u017a\u0107 <a href=\"https:\/\/eur-lex.europa.eu\/legal-content\/PL\/TXT\/PDF\/?uri=CELEX:32016R0679&amp;from=PL\" target=\"_blank\" rel=\"noopener noreferrer\">tutaj<\/a>.<\/p>\n<p>&nbsp;<\/p>\n<p>&nbsp;<\/p>","protected":false},"excerpt":{"rendered":"<p>PRIVACY POLICY &nbsp; &nbsp; Ta polityka prywatno\u015bci zawiera wymagane przez prawo informacje dotycz\u0105ce przetwarzania danych osobowych przez Euroconsol oraz ewentualnie inne podmioty, kt\u00f3re mog\u0105 przetwarza\u0107 dane osobowe zbierane w ramach powierzchni serwisu. &nbsp; I. &nbsp; [Informacje wst\u0119pne i u\u017cywane przez nas poj\u0119cia] Aby Polityka Prywatno\u015bci by\u0142a czytelna, w tych miejscach gdzie tylko by\u0142o to mo\u017cliwe, [&hellip;]<\/p>\n","protected":false},"author":1,"featured_media":0,"parent":0,"menu_order":0,"comment_status":"closed","ping_status":"closed","template":"","meta":{"om_disable_all_campaigns":false,"_monsterinsights_skip_tracking":false,"_monsterinsights_sitenote_active":false,"_monsterinsights_sitenote_note":"","_monsterinsights_sitenote_category":0,"_uf_show_specific_survey":0,"_uf_disable_surveys":false},"aioseo_notices":[],"_links":{"self":[{"href":"https:\/\/euroconsol.com\/en\/wp-json\/wp\/v2\/pages\/1668"}],"collection":[{"href":"https:\/\/euroconsol.com\/en\/wp-json\/wp\/v2\/pages"}],"about":[{"href":"https:\/\/euroconsol.com\/en\/wp-json\/wp\/v2\/types\/page"}],"author":[{"embeddable":true,"href":"https:\/\/euroconsol.com\/en\/wp-json\/wp\/v2\/users\/1"}],"replies":[{"embeddable":true,"href":"https:\/\/euroconsol.com\/en\/wp-json\/wp\/v2\/comments?post=1668"}],"version-history":[{"count":15,"href":"https:\/\/euroconsol.com\/en\/wp-json\/wp\/v2\/pages\/1668\/revisions"}],"predecessor-version":[{"id":1685,"href":"https:\/\/euroconsol.com\/en\/wp-json\/wp\/v2\/pages\/1668\/revisions\/1685"}],"wp:attachment":[{"href":"https:\/\/euroconsol.com\/en\/wp-json\/wp\/v2\/media?parent=1668"}],"curies":[{"name":"wp","href":"https:\/\/api.w.org\/{rel}","templated":true}]}}